{"id":11,"date":"2025-11-03T19:00:00","date_gmt":"2025-11-03T19:00:00","guid":{"rendered":"https:\/\/ralfderzauberer.de\/?page_id=11"},"modified":"2026-03-11T08:31:56","modified_gmt":"2026-03-11T08:31:56","slug":"home","status":"publish","type":"page","link":"https:\/\/ralfderzauberer.de\/","title":{"rendered":"HOME"},"content":{"rendered":"\t\t<div data-elementor-type=\"wp-page\" data-elementor-id=\"11\" class=\"elementor elementor-11\" data-elementor-post-type=\"page\">\n\t\t\t\t<div class=\"elementor-element elementor-element-c451b6e e-flex e-con-boxed e-con e-parent\" data-id=\"c451b6e\" data-element_type=\"container\" data-e-type=\"container\" data-settings=\"{&quot;background_background&quot;:&quot;slideshow&quot;,&quot;background_slideshow_gallery&quot;:[{&quot;id&quot;:49,&quot;url&quot;:&quot;https:\\\/\\\/ralfderzauberer.de\\\/wp-content\\\/uploads\\\/2025\\\/11\\\/2025_SLIDER_HOME.webp&quot;}],&quot;background_slideshow_loop&quot;:&quot;yes&quot;,&quot;background_slideshow_slide_duration&quot;:5000,&quot;background_slideshow_slide_transition&quot;:&quot;fade&quot;,&quot;background_slideshow_transition_duration&quot;:500}\">\n\t\t\t\t\t<div class=\"e-con-inner\">\n\t\t\t\t\t<\/div>\n\t\t\t\t<\/div>\n\t\t<div class=\"elementor-element elementor-element-819eaf2 e-flex e-con-boxed e-con e-parent\" data-id=\"819eaf2\" data-element_type=\"container\" data-e-type=\"container\">\n\t\t\t\t\t<div class=\"e-con-inner\">\n\t\t<div class=\"elementor-element elementor-element-2470454 e-con-full e-flex e-con e-child\" data-id=\"2470454\" data-element_type=\"container\" data-e-type=\"container\">\n\t\t\t\t<div class=\"elementor-element elementor-element-eaa1353 elementor-widget elementor-widget-heading\" data-id=\"eaa1353\" data-element_type=\"widget\" data-e-type=\"widget\" data-widget_type=\"heading.default\">\n\t\t\t\t\t<h2 class=\"elementor-heading-title elementor-size-default\">Ralf der Zauberer \u2013<br \/> Magie, die begeistert<\/h2>\t\t\t\t<\/div>\n\t\t\t\t<\/div>\n\t\t<div class=\"elementor-element elementor-element-e0322c6 e-con-full e-flex e-con e-child\" data-id=\"e0322c6\" data-element_type=\"container\" data-e-type=\"container\">\n\t\t\t\t<div class=\"elementor-element elementor-element-2b549b5 elementor-widget elementor-widget-text-editor\" data-id=\"2b549b5\" data-element_type=\"widget\" data-e-type=\"widget\" data-widget_type=\"text-editor.default\">\n\t\t\t\t\t\t\t\t\t<p data-start=\"49\" data-end=\"325\"><strong data-start=\"49\" data-end=\"57\">Ralf<\/strong>, Jahrgang <strong data-start=\"68\" data-end=\"76\">1959<\/strong>, verzaubert seit <strong data-start=\"94\" data-end=\"102\">1995<\/strong> sein Publikum auf den \u201eBrettern, die die Welt bedeuten\u201c. Mit Witz, Charme und Herz pr\u00e4sentiert er ein abwechslungsreiches Programm aus <strong data-start=\"238\" data-end=\"270\" data-is-only-node=\"\">Zauberei und Luftballonkunst<\/strong>, das Kinder wie Erwachsene gleicherma\u00dfen begeistert.<\/p><p data-start=\"327\" data-end=\"601\">Ob im <strong data-start=\"333\" data-end=\"349\">Kindergarten<\/strong>, bei <strong data-start=\"355\" data-end=\"370\">Schulfesten<\/strong>, <strong data-start=\"372\" data-end=\"388\">Geburtstagen<\/strong> oder <strong data-start=\"394\" data-end=\"406\">Jubil\u00e4en<\/strong> \u2013 Ralf sorgt \u00fcberall f\u00fcr staunende Gesichter und fr\u00f6hliche Stimmung.<\/p><p data-start=\"327\" data-end=\"601\">Besonders spannend: Oft werden Zuschauer ganz spontan zu <strong data-start=\"533\" data-end=\"554\">Zauberassistenten<\/strong> und erleben die Magie hautnah auf der B\u00fchne.<\/p><p data-start=\"603\" data-end=\"850\" data-is-last-node=\"\" data-is-only-node=\"\">Vergessen Sie f\u00fcr einen Moment den Alltag und lassen Sie sich entf\u00fchren in eine <strong data-start=\"683\" data-end=\"733\">bunte Welt voller Humor, Illusion und Fantasie<\/strong>.<\/p><p data-start=\"603\" data-end=\"850\" data-is-last-node=\"\" data-is-only-node=\"\"><strong data-start=\"737\" data-end=\"758\">Ralf der Zauberer<\/strong> steht f\u00fcr <strong data-start=\"769\" data-end=\"797\">zauberhafte Unterhaltung<\/strong>, die verzaubert, verbindet und in Erinnerung bleibt.<\/p>\t\t\t\t\t\t\t\t<\/div>\n\t\t\t\t<\/div>\n\t\t\t\t\t<\/div>\n\t\t\t\t<\/div>\n\t\t<div class=\"elementor-element elementor-element-9b40f62 e-flex e-con-boxed e-con e-parent\" data-id=\"9b40f62\" data-element_type=\"container\" data-e-type=\"container\">\n\t\t\t\t\t<div class=\"e-con-inner\">\n\t\t\t\t<div class=\"elementor-element elementor-element-ba38462 elementor-widget elementor-widget-image\" data-id=\"ba38462\" data-element_type=\"widget\" data-e-type=\"widget\" data-widget_type=\"image.default\">\n\t\t\t\t\t\t\t\t\t\t\t\t\t\t\t<img fetchpriority=\"high\" decoding=\"async\" width=\"683\" height=\"1024\" src=\"https:\/\/ralfderzauberer.de\/wp-content\/uploads\/2025\/11\/2025_Ralf_HOME-683x1024.webp\" class=\"attachment-large size-large wp-image-94\" alt=\"Zauberer Ralf Landgraf\" srcset=\"https:\/\/ralfderzauberer.de\/wp-content\/uploads\/2025\/11\/2025_Ralf_HOME-683x1024.webp 683w, https:\/\/ralfderzauberer.de\/wp-content\/uploads\/2025\/11\/2025_Ralf_HOME-200x300.webp 200w, https:\/\/ralfderzauberer.de\/wp-content\/uploads\/2025\/11\/2025_Ralf_HOME-768x1152.webp 768w, https:\/\/ralfderzauberer.de\/wp-content\/uploads\/2025\/11\/2025_Ralf_HOME.webp 1000w\" sizes=\"(max-width: 683px) 100vw, 683px\" \/>\t\t\t\t\t\t\t\t\t\t\t\t\t\t\t<\/div>\n\t\t\t\t<div class=\"elementor-element elementor-element-dea5eec elementor-widget elementor-widget-image\" data-id=\"dea5eec\" data-element_type=\"widget\" data-e-type=\"widget\" data-widget_type=\"image.default\">\n\t\t\t\t\t\t\t\t\t\t\t\t\t\t\t<img decoding=\"async\" width=\"683\" height=\"1024\" src=\"https:\/\/ralfderzauberer.de\/wp-content\/uploads\/2025\/11\/2025_Ralf_HOME-2-683x1024.webp\" class=\"attachment-large size-large wp-image-98\" alt=\"Zauberer Ralf Landgraf\" srcset=\"https:\/\/ralfderzauberer.de\/wp-content\/uploads\/2025\/11\/2025_Ralf_HOME-2-683x1024.webp 683w, https:\/\/ralfderzauberer.de\/wp-content\/uploads\/2025\/11\/2025_Ralf_HOME-2-200x300.webp 200w, https:\/\/ralfderzauberer.de\/wp-content\/uploads\/2025\/11\/2025_Ralf_HOME-2-768x1152.webp 768w, https:\/\/ralfderzauberer.de\/wp-content\/uploads\/2025\/11\/2025_Ralf_HOME-2.webp 1000w\" sizes=\"(max-width: 683px) 100vw, 683px\" \/>\t\t\t\t\t\t\t\t\t\t\t\t\t\t\t<\/div>\n\t\t\t\t\t<\/div>\n\t\t\t\t<\/div>\n\t\t<div class=\"elementor-element elementor-element-8eeaee7 e-flex e-con-boxed e-con e-parent\" data-id=\"8eeaee7\" data-element_type=\"container\" data-e-type=\"container\">\n\t\t\t\t\t<div class=\"e-con-inner\">\n\t\t\t\t<div class=\"elementor-element elementor-element-3e39484 elementor-widget elementor-widget-heading\" data-id=\"3e39484\" data-element_type=\"widget\" data-e-type=\"widget\" data-widget_type=\"heading.default\">\n\t\t\t\t\t<h2 class=\"elementor-heading-title elementor-size-default\">Zauberk\u00fcnstler \u2013 Magische Unterhaltung f\u00fcr Ihr Event<\/h2>\t\t\t\t<\/div>\n\t\t\t\t<div class=\"elementor-element elementor-element-9468129 elementor-widget elementor-widget-text-editor\" data-id=\"9468129\" data-element_type=\"widget\" data-e-type=\"widget\" data-widget_type=\"text-editor.default\">\n\t\t\t\t\t\t\t\t\t<p data-start=\"60\" data-end=\"299\">Sie suchen einen <strong data-start=\"77\" data-end=\"95\">Zauberk\u00fcnstler<\/strong>, der Ihre Veranstaltung zu etwas ganz Besonderem macht? Ob Kindergeburtstag, Familienfeier, Firmenevent, Jubil\u00e4um oder Stadtfest \u2013 <strong data-start=\"227\" data-end=\"265\">ich biete zauberhafte Unterhaltung<\/strong>, die Gro\u00df und Klein begeistert.<\/p>\t\t\t\t\t\t\t\t<\/div>\n\t\t\t\t\t<\/div>\n\t\t\t\t<\/div>\n\t\t\t\t<\/div>\n\t\t","protected":false},"excerpt":{"rendered":"<p>Ralf der Zauberer \u2013 Magie, die begeistert Ralf, Jahrgang 1959, verzaubert seit 1995 sein Publikum auf den \u201eBrettern, die die Welt bedeuten\u201c. Mit Witz, Charme und Herz pr\u00e4sentiert er ein abwechslungsreiches Programm aus Zauberei und Luftballonkunst, das Kinder wie Erwachsene gleicherma\u00dfen begeistert. Ob im Kindergarten, bei Schulfesten, Geburtstagen oder Jubil\u00e4en \u2013 Ralf sorgt \u00fcberall f\u00fcr [&hellip;]<\/p>\n","protected":false},"author":1,"featured_media":159,"parent":0,"menu_order":0,"comment_status":"closed","ping_status":"closed","template":"","meta":{"footnotes":""},"class_list":["post-11","page","type-page","status-publish","has-post-thumbnail","hentry"],"aioseo_notices":[],"_links":{"self":[{"href":"https:\/\/ralfderzauberer.de\/index.php\/wp-json\/wp\/v2\/pages\/11","targetHints":{"allow":["GET"]}}],"collection":[{"href":"https:\/\/ralfderzauberer.de\/index.php\/wp-json\/wp\/v2\/pages"}],"about":[{"href":"https:\/\/ralfderzauberer.de\/index.php\/wp-json\/wp\/v2\/types\/page"}],"author":[{"embeddable":true,"href":"https:\/\/ralfderzauberer.de\/index.php\/wp-json\/wp\/v2\/users\/1"}],"replies":[{"embeddable":true,"href":"https:\/\/ralfderzauberer.de\/index.php\/wp-json\/wp\/v2\/comments?post=11"}],"version-history":[{"count":37,"href":"https:\/\/ralfderzauberer.de\/index.php\/wp-json\/wp\/v2\/pages\/11\/revisions"}],"predecessor-version":[{"id":171,"href":"https:\/\/ralfderzauberer.de\/index.php\/wp-json\/wp\/v2\/pages\/11\/revisions\/171"}],"wp:featuredmedia":[{"embeddable":true,"href":"https:\/\/ralfderzauberer.de\/index.php\/wp-json\/wp\/v2\/media\/159"}],"wp:attachment":[{"href":"https:\/\/ralfderzauberer.de\/index.php\/wp-json\/wp\/v2\/media?parent=11"}],"curies":[{"name":"wp","href":"https:\/\/api.w.org\/{rel}","templated":true}]}}