{"id":22,"date":"2025-11-03T19:01:23","date_gmt":"2025-11-03T19:01:23","guid":{"rendered":"https:\/\/ralfderzauberer.de\/?page_id=22"},"modified":"2026-03-11T08:13:21","modified_gmt":"2026-03-11T08:13:21","slug":"referenzen","status":"publish","type":"page","link":"https:\/\/ralfderzauberer.de\/index.php\/referenzen\/","title":{"rendered":"Referenzen"},"content":{"rendered":"\t\t<div data-elementor-type=\"wp-page\" data-elementor-id=\"22\" class=\"elementor elementor-22\" data-elementor-post-type=\"page\">\n\t\t\t\t<div class=\"elementor-element elementor-element-76796e0 e-flex e-con-boxed e-con e-parent\" data-id=\"76796e0\" data-element_type=\"container\" data-e-type=\"container\">\n\t\t\t\t\t<div class=\"e-con-inner\">\n\t\t\t\t<div class=\"elementor-element elementor-element-0aca70e elementor-widget elementor-widget-heading\" data-id=\"0aca70e\" data-element_type=\"widget\" data-e-type=\"widget\" data-widget_type=\"heading.default\">\n\t\t\t\t\t<h2 class=\"elementor-heading-title elementor-size-default\">Referenzen<\/h2>\t\t\t\t<\/div>\n\t\t\t\t<div class=\"elementor-element elementor-element-dd665dd elementor-widget elementor-widget-text-editor\" data-id=\"dd665dd\" data-element_type=\"widget\" data-e-type=\"widget\" data-widget_type=\"text-editor.default\">\n\t\t\t\t\t\t\t\t\t<p>Zauberer Ralf Landgraf begeistert seit vielen Jahren sein Publikum auf zahlreichen Veranstaltungen. Zu seinen Referenzen z\u00e4hlen Auftritte bei Kindergarten- und Schulfesten, Stadtfesten, Firmenfeiern, Geburtstagen sowie Jubil\u00e4en. Mit seiner unterhaltsamen Mischung aus Zauberei, Humor und Luftballonmodellage sorgt er stets f\u00fcr staunende Gesichter bei kleinen und gro\u00dfen Zuschauern.<\/p>\t\t\t\t\t\t\t\t<\/div>\n\t\t\t\t\t<\/div>\n\t\t\t\t<\/div>\n\t\t<div class=\"elementor-element elementor-element-6301269 e-flex e-con-boxed e-con e-parent\" data-id=\"6301269\" data-element_type=\"container\" data-e-type=\"container\">\n\t\t\t\t\t<div class=\"e-con-inner\">\n\t\t\t\t<div class=\"elementor-element elementor-element-0ee3d06 elementor-widget elementor-widget-gallery\" data-id=\"0ee3d06\" data-element_type=\"widget\" data-e-type=\"widget\" data-settings=\"{&quot;columns&quot;:3,&quot;columns_mobile&quot;:2,&quot;lazyload&quot;:&quot;yes&quot;,&quot;gallery_layout&quot;:&quot;grid&quot;,&quot;columns_tablet&quot;:2,&quot;gap&quot;:{&quot;unit&quot;:&quot;px&quot;,&quot;size&quot;:10,&quot;sizes&quot;:[]},&quot;gap_tablet&quot;:{&quot;unit&quot;:&quot;px&quot;,&quot;size&quot;:10,&quot;sizes&quot;:[]},&quot;gap_mobile&quot;:{&quot;unit&quot;:&quot;px&quot;,&quot;size&quot;:10,&quot;sizes&quot;:[]},&quot;link_to&quot;:&quot;file&quot;,&quot;aspect_ratio&quot;:&quot;3:2&quot;,&quot;overlay_background&quot;:&quot;yes&quot;,&quot;content_hover_animation&quot;:&quot;fade-in&quot;}\" data-widget_type=\"gallery.default\">\n\t\t\t\t\t\t\t<div class=\"elementor-gallery__container\">\n\t\t\t\t\t\t\t<a class=\"e-gallery-item elementor-gallery-item elementor-animated-content\" href=\"https:\/\/ralfderzauberer.de\/wp-content\/uploads\/2026\/03\/Ralf_Landgraf_der_Zauberer_Internet-0023.webp\" data-elementor-open-lightbox=\"yes\" data-elementor-lightbox-slideshow=\"0ee3d06\" data-elementor-lightbox-title=\"Ralf_Landgraf_der_Zauberer_Internet-0023\" data-e-action-hash=\"#elementor-action%3Aaction%3Dlightbox%26settings%3DeyJpZCI6MTUyLCJ1cmwiOiJodHRwczpcL1wvcmFsZmRlcnphdWJlcmVyLmRlXC93cC1jb250ZW50XC91cGxvYWRzXC8yMDI2XC8wM1wvUmFsZl9MYW5kZ3JhZl9kZXJfWmF1YmVyZXJfSW50ZXJuZXQtMDAyMy53ZWJwIiwic2xpZGVzaG93IjoiMGVlM2QwNiJ9\">\n\t\t\t\t\t<div class=\"e-gallery-image elementor-gallery-item__image\" data-thumbnail=\"https:\/\/ralfderzauberer.de\/wp-content\/uploads\/2026\/03\/Ralf_Landgraf_der_Zauberer_Internet-0023-768x576.webp\" data-width=\"768\" data-height=\"576\" aria-label=\"\" role=\"img\" ><\/div>\n\t\t\t\t\t\t\t\t\t\t\t<div class=\"elementor-gallery-item__overlay\"><\/div>\n\t\t\t\t\t\t\t\t\t\t\t\t\t\t<\/a>\n\t\t\t\t\t\t\t<a class=\"e-gallery-item elementor-gallery-item elementor-animated-content\" href=\"https:\/\/ralfderzauberer.de\/wp-content\/uploads\/2026\/03\/Ralf_Landgraf_der_Zauberer_Internet-0022.webp\" data-elementor-open-lightbox=\"yes\" data-elementor-lightbox-slideshow=\"0ee3d06\" data-elementor-lightbox-title=\"Ralf_Landgraf_der_Zauberer_Internet-0022\" data-e-action-hash=\"#elementor-action%3Aaction%3Dlightbox%26settings%3DeyJpZCI6MTUxLCJ1cmwiOiJodHRwczpcL1wvcmFsZmRlcnphdWJlcmVyLmRlXC93cC1jb250ZW50XC91cGxvYWRzXC8yMDI2XC8wM1wvUmFsZl9MYW5kZ3JhZl9kZXJfWmF1YmVyZXJfSW50ZXJuZXQtMDAyMi53ZWJwIiwic2xpZGVzaG93IjoiMGVlM2QwNiJ9\">\n\t\t\t\t\t<div class=\"e-gallery-image elementor-gallery-item__image\" data-thumbnail=\"https:\/\/ralfderzauberer.de\/wp-content\/uploads\/2026\/03\/Ralf_Landgraf_der_Zauberer_Internet-0022-768x576.webp\" data-width=\"768\" data-height=\"576\" aria-label=\"\" role=\"img\" ><\/div>\n\t\t\t\t\t\t\t\t\t\t\t<div class=\"elementor-gallery-item__overlay\"><\/div>\n\t\t\t\t\t\t\t\t\t\t\t\t\t\t<\/a>\n\t\t\t\t\t\t\t<a class=\"e-gallery-item elementor-gallery-item elementor-animated-content\" href=\"https:\/\/ralfderzauberer.de\/wp-content\/uploads\/2026\/03\/Ralf_Landgraf_der_Zauberer_Internet-0020.webp\" data-elementor-open-lightbox=\"yes\" data-elementor-lightbox-slideshow=\"0ee3d06\" data-elementor-lightbox-title=\"Ralf_Landgraf_der_Zauberer_Internet-0020\" data-e-action-hash=\"#elementor-action%3Aaction%3Dlightbox%26settings%3DeyJpZCI6MTQ5LCJ1cmwiOiJodHRwczpcL1wvcmFsZmRlcnphdWJlcmVyLmRlXC93cC1jb250ZW50XC91cGxvYWRzXC8yMDI2XC8wM1wvUmFsZl9MYW5kZ3JhZl9kZXJfWmF1YmVyZXJfSW50ZXJuZXQtMDAyMC53ZWJwIiwic2xpZGVzaG93IjoiMGVlM2QwNiJ9\">\n\t\t\t\t\t<div class=\"e-gallery-image elementor-gallery-item__image\" data-thumbnail=\"https:\/\/ralfderzauberer.de\/wp-content\/uploads\/2026\/03\/Ralf_Landgraf_der_Zauberer_Internet-0020-768x512.webp\" data-width=\"768\" data-height=\"512\" aria-label=\"\" role=\"img\" ><\/div>\n\t\t\t\t\t\t\t\t\t\t\t<div class=\"elementor-gallery-item__overlay\"><\/div>\n\t\t\t\t\t\t\t\t\t\t\t\t\t\t<\/a>\n\t\t\t\t\t\t\t<a class=\"e-gallery-item elementor-gallery-item elementor-animated-content\" href=\"https:\/\/ralfderzauberer.de\/wp-content\/uploads\/2026\/03\/Ralf_Landgraf_der_Zauberer_Internet-0017.webp\" data-elementor-open-lightbox=\"yes\" data-elementor-lightbox-slideshow=\"0ee3d06\" data-elementor-lightbox-title=\"Ralf_Landgraf_der_Zauberer_Internet-0017\" data-e-action-hash=\"#elementor-action%3Aaction%3Dlightbox%26settings%3DeyJpZCI6MTQ2LCJ1cmwiOiJodHRwczpcL1wvcmFsZmRlcnphdWJlcmVyLmRlXC93cC1jb250ZW50XC91cGxvYWRzXC8yMDI2XC8wM1wvUmFsZl9MYW5kZ3JhZl9kZXJfWmF1YmVyZXJfSW50ZXJuZXQtMDAxNy53ZWJwIiwic2xpZGVzaG93IjoiMGVlM2QwNiJ9\">\n\t\t\t\t\t<div class=\"e-gallery-image elementor-gallery-item__image\" data-thumbnail=\"https:\/\/ralfderzauberer.de\/wp-content\/uploads\/2026\/03\/Ralf_Landgraf_der_Zauberer_Internet-0017-768x768.webp\" data-width=\"768\" data-height=\"768\" aria-label=\"\" role=\"img\" ><\/div>\n\t\t\t\t\t\t\t\t\t\t\t<div class=\"elementor-gallery-item__overlay\"><\/div>\n\t\t\t\t\t\t\t\t\t\t\t\t\t\t<\/a>\n\t\t\t\t\t\t\t<a class=\"e-gallery-item elementor-gallery-item elementor-animated-content\" href=\"https:\/\/ralfderzauberer.de\/wp-content\/uploads\/2026\/03\/Ralf_Landgraf_der_Zauberer_Internet-0016.webp\" data-elementor-open-lightbox=\"yes\" data-elementor-lightbox-slideshow=\"0ee3d06\" data-elementor-lightbox-title=\"Ralf_Landgraf_der_Zauberer_Internet-0016\" data-e-action-hash=\"#elementor-action%3Aaction%3Dlightbox%26settings%3DeyJpZCI6MTQ1LCJ1cmwiOiJodHRwczpcL1wvcmFsZmRlcnphdWJlcmVyLmRlXC93cC1jb250ZW50XC91cGxvYWRzXC8yMDI2XC8wM1wvUmFsZl9MYW5kZ3JhZl9kZXJfWmF1YmVyZXJfSW50ZXJuZXQtMDAxNi53ZWJwIiwic2xpZGVzaG93IjoiMGVlM2QwNiJ9\">\n\t\t\t\t\t<div class=\"e-gallery-image elementor-gallery-item__image\" data-thumbnail=\"https:\/\/ralfderzauberer.de\/wp-content\/uploads\/2026\/03\/Ralf_Landgraf_der_Zauberer_Internet-0016-768x512.webp\" data-width=\"768\" data-height=\"512\" aria-label=\"\" role=\"img\" ><\/div>\n\t\t\t\t\t\t\t\t\t\t\t<div class=\"elementor-gallery-item__overlay\"><\/div>\n\t\t\t\t\t\t\t\t\t\t\t\t\t\t<\/a>\n\t\t\t\t\t\t\t<a class=\"e-gallery-item elementor-gallery-item elementor-animated-content\" href=\"https:\/\/ralfderzauberer.de\/wp-content\/uploads\/2026\/03\/Ralf_Landgraf_der_Zauberer_Internet-0014.webp\" data-elementor-open-lightbox=\"yes\" data-elementor-lightbox-slideshow=\"0ee3d06\" data-elementor-lightbox-title=\"Ralf_Landgraf_der_Zauberer_Internet-0014\" data-e-action-hash=\"#elementor-action%3Aaction%3Dlightbox%26settings%3DeyJpZCI6MTQzLCJ1cmwiOiJodHRwczpcL1wvcmFsZmRlcnphdWJlcmVyLmRlXC93cC1jb250ZW50XC91cGxvYWRzXC8yMDI2XC8wM1wvUmFsZl9MYW5kZ3JhZl9kZXJfWmF1YmVyZXJfSW50ZXJuZXQtMDAxNC53ZWJwIiwic2xpZGVzaG93IjoiMGVlM2QwNiJ9\">\n\t\t\t\t\t<div class=\"e-gallery-image elementor-gallery-item__image\" data-thumbnail=\"https:\/\/ralfderzauberer.de\/wp-content\/uploads\/2026\/03\/Ralf_Landgraf_der_Zauberer_Internet-0014-768x576.webp\" data-width=\"768\" data-height=\"576\" aria-label=\"\" role=\"img\" ><\/div>\n\t\t\t\t\t\t\t\t\t\t\t<div class=\"elementor-gallery-item__overlay\"><\/div>\n\t\t\t\t\t\t\t\t\t\t\t\t\t\t<\/a>\n\t\t\t\t\t\t\t<a class=\"e-gallery-item elementor-gallery-item elementor-animated-content\" href=\"https:\/\/ralfderzauberer.de\/wp-content\/uploads\/2026\/03\/Ralf_Landgraf_der_Zauberer_Internet-0013.webp\" data-elementor-open-lightbox=\"yes\" data-elementor-lightbox-slideshow=\"0ee3d06\" data-elementor-lightbox-title=\"Ralf_Landgraf_der_Zauberer_Internet-0013\" data-e-action-hash=\"#elementor-action%3Aaction%3Dlightbox%26settings%3DeyJpZCI6MTQyLCJ1cmwiOiJodHRwczpcL1wvcmFsZmRlcnphdWJlcmVyLmRlXC93cC1jb250ZW50XC91cGxvYWRzXC8yMDI2XC8wM1wvUmFsZl9MYW5kZ3JhZl9kZXJfWmF1YmVyZXJfSW50ZXJuZXQtMDAxMy53ZWJwIiwic2xpZGVzaG93IjoiMGVlM2QwNiJ9\">\n\t\t\t\t\t<div class=\"e-gallery-image elementor-gallery-item__image\" data-thumbnail=\"https:\/\/ralfderzauberer.de\/wp-content\/uploads\/2026\/03\/Ralf_Landgraf_der_Zauberer_Internet-0013-768x511.webp\" data-width=\"768\" data-height=\"511\" aria-label=\"\" role=\"img\" ><\/div>\n\t\t\t\t\t\t\t\t\t\t\t<div class=\"elementor-gallery-item__overlay\"><\/div>\n\t\t\t\t\t\t\t\t\t\t\t\t\t\t<\/a>\n\t\t\t\t\t\t\t<a class=\"e-gallery-item elementor-gallery-item elementor-animated-content\" href=\"https:\/\/ralfderzauberer.de\/wp-content\/uploads\/2026\/03\/Ralf_Landgraf_der_Zauberer_Internet-0012.webp\" data-elementor-open-lightbox=\"yes\" data-elementor-lightbox-slideshow=\"0ee3d06\" data-elementor-lightbox-title=\"Ralf_Landgraf_der_Zauberer_Internet-0012\" data-e-action-hash=\"#elementor-action%3Aaction%3Dlightbox%26settings%3DeyJpZCI6MTQxLCJ1cmwiOiJodHRwczpcL1wvcmFsZmRlcnphdWJlcmVyLmRlXC93cC1jb250ZW50XC91cGxvYWRzXC8yMDI2XC8wM1wvUmFsZl9MYW5kZ3JhZl9kZXJfWmF1YmVyZXJfSW50ZXJuZXQtMDAxMi53ZWJwIiwic2xpZGVzaG93IjoiMGVlM2QwNiJ9\">\n\t\t\t\t\t<div class=\"e-gallery-image elementor-gallery-item__image\" data-thumbnail=\"https:\/\/ralfderzauberer.de\/wp-content\/uploads\/2026\/03\/Ralf_Landgraf_der_Zauberer_Internet-0012-768x511.webp\" data-width=\"768\" data-height=\"511\" aria-label=\"\" role=\"img\" ><\/div>\n\t\t\t\t\t\t\t\t\t\t\t<div class=\"elementor-gallery-item__overlay\"><\/div>\n\t\t\t\t\t\t\t\t\t\t\t\t\t\t<\/a>\n\t\t\t\t\t\t\t<a class=\"e-gallery-item elementor-gallery-item elementor-animated-content\" href=\"https:\/\/ralfderzauberer.de\/wp-content\/uploads\/2026\/03\/Ralf_Landgraf_der_Zauberer_Internet-0011.webp\" data-elementor-open-lightbox=\"yes\" data-elementor-lightbox-slideshow=\"0ee3d06\" data-elementor-lightbox-title=\"Ralf_Landgraf_der_Zauberer_Internet-0011\" data-e-action-hash=\"#elementor-action%3Aaction%3Dlightbox%26settings%3DeyJpZCI6MTQwLCJ1cmwiOiJodHRwczpcL1wvcmFsZmRlcnphdWJlcmVyLmRlXC93cC1jb250ZW50XC91cGxvYWRzXC8yMDI2XC8wM1wvUmFsZl9MYW5kZ3JhZl9kZXJfWmF1YmVyZXJfSW50ZXJuZXQtMDAxMS53ZWJwIiwic2xpZGVzaG93IjoiMGVlM2QwNiJ9\">\n\t\t\t\t\t<div class=\"e-gallery-image elementor-gallery-item__image\" data-thumbnail=\"https:\/\/ralfderzauberer.de\/wp-content\/uploads\/2026\/03\/Ralf_Landgraf_der_Zauberer_Internet-0011-768x576.webp\" data-width=\"768\" data-height=\"576\" aria-label=\"\" role=\"img\" ><\/div>\n\t\t\t\t\t\t\t\t\t\t\t<div class=\"elementor-gallery-item__overlay\"><\/div>\n\t\t\t\t\t\t\t\t\t\t\t\t\t\t<\/a>\n\t\t\t\t\t\t\t<a class=\"e-gallery-item elementor-gallery-item elementor-animated-content\" href=\"https:\/\/ralfderzauberer.de\/wp-content\/uploads\/2026\/03\/Ralf_Landgraf_der_Zauberer_Internet-0010.webp\" data-elementor-open-lightbox=\"yes\" data-elementor-lightbox-slideshow=\"0ee3d06\" data-elementor-lightbox-title=\"Ralf_Landgraf_der_Zauberer_Internet-0010\" data-e-action-hash=\"#elementor-action%3Aaction%3Dlightbox%26settings%3DeyJpZCI6MTM5LCJ1cmwiOiJodHRwczpcL1wvcmFsZmRlcnphdWJlcmVyLmRlXC93cC1jb250ZW50XC91cGxvYWRzXC8yMDI2XC8wM1wvUmFsZl9MYW5kZ3JhZl9kZXJfWmF1YmVyZXJfSW50ZXJuZXQtMDAxMC53ZWJwIiwic2xpZGVzaG93IjoiMGVlM2QwNiJ9\">\n\t\t\t\t\t<div class=\"e-gallery-image elementor-gallery-item__image\" data-thumbnail=\"https:\/\/ralfderzauberer.de\/wp-content\/uploads\/2026\/03\/Ralf_Landgraf_der_Zauberer_Internet-0010-768x576.webp\" data-width=\"768\" data-height=\"576\" aria-label=\"\" role=\"img\" ><\/div>\n\t\t\t\t\t\t\t\t\t\t\t<div class=\"elementor-gallery-item__overlay\"><\/div>\n\t\t\t\t\t\t\t\t\t\t\t\t\t\t<\/a>\n\t\t\t\t\t\t\t<a class=\"e-gallery-item elementor-gallery-item elementor-animated-content\" href=\"https:\/\/ralfderzauberer.de\/wp-content\/uploads\/2026\/03\/Ralf_Landgraf_der_Zauberer_Internet-0009.webp\" data-elementor-open-lightbox=\"yes\" data-elementor-lightbox-slideshow=\"0ee3d06\" data-elementor-lightbox-title=\"Ralf_Landgraf_der_Zauberer_Internet-0009\" data-e-action-hash=\"#elementor-action%3Aaction%3Dlightbox%26settings%3DeyJpZCI6MTM4LCJ1cmwiOiJodHRwczpcL1wvcmFsZmRlcnphdWJlcmVyLmRlXC93cC1jb250ZW50XC91cGxvYWRzXC8yMDI2XC8wM1wvUmFsZl9MYW5kZ3JhZl9kZXJfWmF1YmVyZXJfSW50ZXJuZXQtMDAwOS53ZWJwIiwic2xpZGVzaG93IjoiMGVlM2QwNiJ9\">\n\t\t\t\t\t<div class=\"e-gallery-image elementor-gallery-item__image\" data-thumbnail=\"https:\/\/ralfderzauberer.de\/wp-content\/uploads\/2026\/03\/Ralf_Landgraf_der_Zauberer_Internet-0009-768x576.webp\" data-width=\"768\" data-height=\"576\" aria-label=\"\" role=\"img\" ><\/div>\n\t\t\t\t\t\t\t\t\t\t\t<div class=\"elementor-gallery-item__overlay\"><\/div>\n\t\t\t\t\t\t\t\t\t\t\t\t\t\t<\/a>\n\t\t\t\t\t\t\t<a class=\"e-gallery-item elementor-gallery-item elementor-animated-content\" href=\"https:\/\/ralfderzauberer.de\/wp-content\/uploads\/2026\/03\/Ralf_Landgraf_der_Zauberer_Internet-0007.webp\" data-elementor-open-lightbox=\"yes\" data-elementor-lightbox-slideshow=\"0ee3d06\" data-elementor-lightbox-title=\"Ralf_Landgraf_der_Zauberer_Internet-0007\" data-e-action-hash=\"#elementor-action%3Aaction%3Dlightbox%26settings%3DeyJpZCI6MTM2LCJ1cmwiOiJodHRwczpcL1wvcmFsZmRlcnphdWJlcmVyLmRlXC93cC1jb250ZW50XC91cGxvYWRzXC8yMDI2XC8wM1wvUmFsZl9MYW5kZ3JhZl9kZXJfWmF1YmVyZXJfSW50ZXJuZXQtMDAwNy53ZWJwIiwic2xpZGVzaG93IjoiMGVlM2QwNiJ9\">\n\t\t\t\t\t<div class=\"e-gallery-image elementor-gallery-item__image\" data-thumbnail=\"https:\/\/ralfderzauberer.de\/wp-content\/uploads\/2026\/03\/Ralf_Landgraf_der_Zauberer_Internet-0007-768x576.webp\" data-width=\"768\" data-height=\"576\" aria-label=\"\" role=\"img\" ><\/div>\n\t\t\t\t\t\t\t\t\t\t\t<div class=\"elementor-gallery-item__overlay\"><\/div>\n\t\t\t\t\t\t\t\t\t\t\t\t\t\t<\/a>\n\t\t\t\t\t\t\t<a class=\"e-gallery-item elementor-gallery-item elementor-animated-content\" href=\"https:\/\/ralfderzauberer.de\/wp-content\/uploads\/2026\/03\/Ralf_Landgraf_der_Zauberer_Internet-0004.webp\" data-elementor-open-lightbox=\"yes\" data-elementor-lightbox-slideshow=\"0ee3d06\" data-elementor-lightbox-title=\"Ralf_Landgraf_der_Zauberer_Internet-0004\" data-e-action-hash=\"#elementor-action%3Aaction%3Dlightbox%26settings%3DeyJpZCI6MTMzLCJ1cmwiOiJodHRwczpcL1wvcmFsZmRlcnphdWJlcmVyLmRlXC93cC1jb250ZW50XC91cGxvYWRzXC8yMDI2XC8wM1wvUmFsZl9MYW5kZ3JhZl9kZXJfWmF1YmVyZXJfSW50ZXJuZXQtMDAwNC53ZWJwIiwic2xpZGVzaG93IjoiMGVlM2QwNiJ9\">\n\t\t\t\t\t<div class=\"e-gallery-image elementor-gallery-item__image\" data-thumbnail=\"https:\/\/ralfderzauberer.de\/wp-content\/uploads\/2026\/03\/Ralf_Landgraf_der_Zauberer_Internet-0004-768x576.webp\" data-width=\"768\" data-height=\"576\" aria-label=\"\" role=\"img\" ><\/div>\n\t\t\t\t\t\t\t\t\t\t\t<div class=\"elementor-gallery-item__overlay\"><\/div>\n\t\t\t\t\t\t\t\t\t\t\t\t\t\t<\/a>\n\t\t\t\t\t\t\t<a class=\"e-gallery-item elementor-gallery-item elementor-animated-content\" href=\"https:\/\/ralfderzauberer.de\/wp-content\/uploads\/2026\/03\/Ralf_Landgraf_der_Zauberer_Internet-0003.webp\" data-elementor-open-lightbox=\"yes\" data-elementor-lightbox-slideshow=\"0ee3d06\" data-elementor-lightbox-title=\"Ralf_Landgraf_der_Zauberer_Internet-0003\" data-e-action-hash=\"#elementor-action%3Aaction%3Dlightbox%26settings%3DeyJpZCI6MTMyLCJ1cmwiOiJodHRwczpcL1wvcmFsZmRlcnphdWJlcmVyLmRlXC93cC1jb250ZW50XC91cGxvYWRzXC8yMDI2XC8wM1wvUmFsZl9MYW5kZ3JhZl9kZXJfWmF1YmVyZXJfSW50ZXJuZXQtMDAwMy53ZWJwIiwic2xpZGVzaG93IjoiMGVlM2QwNiJ9\">\n\t\t\t\t\t<div class=\"e-gallery-image elementor-gallery-item__image\" data-thumbnail=\"https:\/\/ralfderzauberer.de\/wp-content\/uploads\/2026\/03\/Ralf_Landgraf_der_Zauberer_Internet-0003-768x576.webp\" data-width=\"768\" data-height=\"576\" aria-label=\"\" role=\"img\" ><\/div>\n\t\t\t\t\t\t\t\t\t\t\t<div class=\"elementor-gallery-item__overlay\"><\/div>\n\t\t\t\t\t\t\t\t\t\t\t\t\t\t<\/a>\n\t\t\t\t\t\t\t<a class=\"e-gallery-item elementor-gallery-item elementor-animated-content\" href=\"https:\/\/ralfderzauberer.de\/wp-content\/uploads\/2026\/03\/Ralf_Landgraf_der_Zauberer_Internet-0001.webp\" data-elementor-open-lightbox=\"yes\" data-elementor-lightbox-slideshow=\"0ee3d06\" data-elementor-lightbox-title=\"Ralf_Landgraf_der_Zauberer_Internet-0001\" data-e-action-hash=\"#elementor-action%3Aaction%3Dlightbox%26settings%3DeyJpZCI6MTMwLCJ1cmwiOiJodHRwczpcL1wvcmFsZmRlcnphdWJlcmVyLmRlXC93cC1jb250ZW50XC91cGxvYWRzXC8yMDI2XC8wM1wvUmFsZl9MYW5kZ3JhZl9kZXJfWmF1YmVyZXJfSW50ZXJuZXQtMDAwMS53ZWJwIiwic2xpZGVzaG93IjoiMGVlM2QwNiJ9\">\n\t\t\t\t\t<div class=\"e-gallery-image elementor-gallery-item__image\" data-thumbnail=\"https:\/\/ralfderzauberer.de\/wp-content\/uploads\/2026\/03\/Ralf_Landgraf_der_Zauberer_Internet-0001-768x1024.webp\" data-width=\"768\" data-height=\"1024\" aria-label=\"\" role=\"img\" ><\/div>\n\t\t\t\t\t\t\t\t\t\t\t<div class=\"elementor-gallery-item__overlay\"><\/div>\n\t\t\t\t\t\t\t\t\t\t\t\t\t\t<\/a>\n\t\t\t\t\t<\/div>\n\t\t\t\t\t<\/div>\n\t\t\t\t\t<\/div>\n\t\t\t\t<\/div>\n\t\t\t\t<\/div>\n\t\t","protected":false},"excerpt":{"rendered":"<p>Referenzen Zauberer Ralf Landgraf begeistert seit vielen Jahren sein Publikum auf zahlreichen Veranstaltungen. Zu seinen Referenzen z\u00e4hlen Auftritte bei Kindergarten- und Schulfesten, Stadtfesten, Firmenfeiern, Geburtstagen sowie Jubil\u00e4en. Mit seiner unterhaltsamen Mischung aus Zauberei, Humor und Luftballonmodellage sorgt er stets f\u00fcr staunende Gesichter bei kleinen und gro\u00dfen Zuschauern.<\/p>\n","protected":false},"author":1,"featured_media":133,"parent":0,"menu_order":0,"comment_status":"closed","ping_status":"closed","template":"","meta":{"footnotes":""},"class_list":["post-22","page","type-page","status-publish","has-post-thumbnail","hentry"],"aioseo_notices":[],"_links":{"self":[{"href":"https:\/\/ralfderzauberer.de\/index.php\/wp-json\/wp\/v2\/pages\/22","targetHints":{"allow":["GET"]}}],"collection":[{"href":"https:\/\/ralfderzauberer.de\/index.php\/wp-json\/wp\/v2\/pages"}],"about":[{"href":"https:\/\/ralfderzauberer.de\/index.php\/wp-json\/wp\/v2\/types\/page"}],"author":[{"embeddable":true,"href":"https:\/\/ralfderzauberer.de\/index.php\/wp-json\/wp\/v2\/users\/1"}],"replies":[{"embeddable":true,"href":"https:\/\/ralfderzauberer.de\/index.php\/wp-json\/wp\/v2\/comments?post=22"}],"version-history":[{"count":7,"href":"https:\/\/ralfderzauberer.de\/index.php\/wp-json\/wp\/v2\/pages\/22\/revisions"}],"predecessor-version":[{"id":158,"href":"https:\/\/ralfderzauberer.de\/index.php\/wp-json\/wp\/v2\/pages\/22\/revisions\/158"}],"wp:featuredmedia":[{"embeddable":true,"href":"https:\/\/ralfderzauberer.de\/index.php\/wp-json\/wp\/v2\/media\/133"}],"wp:attachment":[{"href":"https:\/\/ralfderzauberer.de\/index.php\/wp-json\/wp\/v2\/media?parent=22"}],"curies":[{"name":"wp","href":"https:\/\/api.w.org\/{rel}","templated":true}]}}