{"id":24,"date":"2025-11-03T19:01:53","date_gmt":"2025-11-03T19:01:53","guid":{"rendered":"https:\/\/ralfderzauberer.de\/?page_id=24"},"modified":"2026-03-10T19:31:24","modified_gmt":"2026-03-10T19:31:24","slug":"ueber-mich","status":"publish","type":"page","link":"https:\/\/ralfderzauberer.de\/index.php\/ueber-mich\/","title":{"rendered":"\u00dcber mich"},"content":{"rendered":"\t\t<div data-elementor-type=\"wp-page\" data-elementor-id=\"24\" class=\"elementor elementor-24\" data-elementor-post-type=\"page\">\n\t\t\t\t<div class=\"elementor-element elementor-element-0e51bfa e-flex e-con-boxed e-con e-parent\" data-id=\"0e51bfa\" data-element_type=\"container\" data-e-type=\"container\">\n\t\t\t\t\t<div class=\"e-con-inner\">\n\t\t<div class=\"elementor-element elementor-element-7206e80 e-con-full e-flex e-con e-child\" data-id=\"7206e80\" data-element_type=\"container\" data-e-type=\"container\">\n\t\t\t\t<div class=\"elementor-element elementor-element-79ddf2b elementor-widget elementor-widget-heading\" data-id=\"79ddf2b\" data-element_type=\"widget\" data-e-type=\"widget\" data-widget_type=\"heading.default\">\n\t\t\t\t\t<h2 class=\"elementor-heading-title elementor-size-default\">Ralf der Zauberer<\/h2>\t\t\t\t<\/div>\n\t\t\t\t<div class=\"elementor-element elementor-element-e8c725a elementor-widget elementor-widget-text-editor\" data-id=\"e8c725a\" data-element_type=\"widget\" data-e-type=\"widget\" data-widget_type=\"text-editor.default\">\n\t\t\t\t\t\t\t\t\t<p data-start=\"23\" data-end=\"228\">Ralf, Jahrgang 1959, steht seit 1995 auf den Brettern, die die Welt bedeuten. Mit viel Humor, Charme und verbl\u00fcffenden Tricks begeistert er seit vielen Jahren sein Publikum auf zahlreichen Veranstaltungen.<\/p><p data-start=\"230\" data-end=\"526\">Ob auf Kindergarten- und Schulfesten, bei Geburtstagen, Jubil\u00e4en oder anderen Feierlichkeiten \u2013 Ralf verzaubert kleine und gro\u00dfe Zuschauer gleicherma\u00dfen. Neben seiner Zauberkunst modelliert er auch fantasievolle Luftballonfiguren und sorgt so f\u00fcr strahlende Gesichter bei Kindern und Erwachsenen.<\/p><p data-start=\"528\" data-end=\"719\">Ein besonderes Highlight seiner Shows: Immer wieder werden Zuschauer spontan und unerwartet zu Zauberassistenten und stehen pl\u00f6tzlich selbst mit auf der B\u00fchne \u2013 mitten im Geschehen der Magie.<\/p><p data-start=\"721\" data-end=\"863\">Vergessen Sie f\u00fcr einen Moment den grauen Alltag und lassen Sie sich entf\u00fchren in eine bunte, fr\u00f6hliche Welt voller \u00dcberraschungen und Wunder.<\/p><p data-start=\"865\" data-end=\"957\" data-is-last-node=\"\" data-is-only-node=\"\"><strong data-start=\"865\" data-end=\"955\">Ralf steht f\u00fcr zauberhafte Unterhaltung \u2013 unterhaltsam, verbl\u00fcffend und unvergesslich.<\/strong><\/p>\t\t\t\t\t\t\t\t<\/div>\n\t\t\t\t<\/div>\n\t\t<div class=\"elementor-element elementor-element-cafdb29 e-con-full e-flex e-con e-child\" data-id=\"cafdb29\" data-element_type=\"container\" data-e-type=\"container\">\n\t\t\t\t<div class=\"elementor-element elementor-element-cc141d3 elementor-widget elementor-widget-image\" data-id=\"cc141d3\" data-element_type=\"widget\" data-e-type=\"widget\" data-widget_type=\"image.default\">\n\t\t\t\t\t\t\t\t\t\t\t\t\t\t\t<img fetchpriority=\"high\" decoding=\"async\" width=\"683\" height=\"1024\" src=\"https:\/\/ralfderzauberer.de\/wp-content\/uploads\/2025\/11\/2025_Ralf_HOME-2-683x1024.webp\" class=\"attachment-large size-large wp-image-98\" alt=\"Zauberer Ralf Landgraf\" srcset=\"https:\/\/ralfderzauberer.de\/wp-content\/uploads\/2025\/11\/2025_Ralf_HOME-2-683x1024.webp 683w, https:\/\/ralfderzauberer.de\/wp-content\/uploads\/2025\/11\/2025_Ralf_HOME-2-200x300.webp 200w, https:\/\/ralfderzauberer.de\/wp-content\/uploads\/2025\/11\/2025_Ralf_HOME-2-768x1152.webp 768w, https:\/\/ralfderzauberer.de\/wp-content\/uploads\/2025\/11\/2025_Ralf_HOME-2.webp 1000w\" sizes=\"(max-width: 683px) 100vw, 683px\" \/>\t\t\t\t\t\t\t\t\t\t\t\t\t\t\t<\/div>\n\t\t\t\t<\/div>\n\t\t\t\t\t<\/div>\n\t\t\t\t<\/div>\n\t\t\t\t<\/div>\n\t\t","protected":false},"excerpt":{"rendered":"<p>Ralf der Zauberer Ralf, Jahrgang 1959, steht seit 1995 auf den Brettern, die die Welt bedeuten. Mit viel Humor, Charme und verbl\u00fcffenden Tricks begeistert er seit vielen Jahren sein Publikum auf zahlreichen Veranstaltungen. Ob auf Kindergarten- und Schulfesten, bei Geburtstagen, Jubil\u00e4en oder anderen Feierlichkeiten \u2013 Ralf verzaubert kleine und gro\u00dfe Zuschauer gleicherma\u00dfen. Neben seiner Zauberkunst [&hellip;]<\/p>\n","protected":false},"author":1,"featured_media":0,"parent":0,"menu_order":0,"comment_status":"closed","ping_status":"closed","template":"","meta":{"footnotes":""},"class_list":["post-24","page","type-page","status-publish","hentry"],"aioseo_notices":[],"_links":{"self":[{"href":"https:\/\/ralfderzauberer.de\/index.php\/wp-json\/wp\/v2\/pages\/24","targetHints":{"allow":["GET"]}}],"collection":[{"href":"https:\/\/ralfderzauberer.de\/index.php\/wp-json\/wp\/v2\/pages"}],"about":[{"href":"https:\/\/ralfderzauberer.de\/index.php\/wp-json\/wp\/v2\/types\/page"}],"author":[{"embeddable":true,"href":"https:\/\/ralfderzauberer.de\/index.php\/wp-json\/wp\/v2\/users\/1"}],"replies":[{"embeddable":true,"href":"https:\/\/ralfderzauberer.de\/index.php\/wp-json\/wp\/v2\/comments?post=24"}],"version-history":[{"count":4,"href":"https:\/\/ralfderzauberer.de\/index.php\/wp-json\/wp\/v2\/pages\/24\/revisions"}],"predecessor-version":[{"id":129,"href":"https:\/\/ralfderzauberer.de\/index.php\/wp-json\/wp\/v2\/pages\/24\/revisions\/129"}],"wp:attachment":[{"href":"https:\/\/ralfderzauberer.de\/index.php\/wp-json\/wp\/v2\/media?parent=24"}],"curies":[{"name":"wp","href":"https:\/\/api.w.org\/{rel}","templated":true}]}}